{"id":1929,"date":"2021-02-05T12:40:35","date_gmt":"2021-02-05T11:40:35","guid":{"rendered":"https:\/\/www.cdc-digihw.lu\/projekte\/"},"modified":"2022-08-02T12:32:40","modified_gmt":"2022-08-02T11:32:40","slug":"projekte","status":"publish","type":"page","link":"https:\/\/www.cdc-digihw.lu\/de\/projekte\/","title":{"rendered":"Projekte"},"content":{"rendered":"<p>[vc_row css=&#8220;.vc_custom_1612868396995{margin-top: 50px !important;margin-bottom: 100px !important;}&#8220;][vc_column][vc_empty_space height=&#8220;80px&#8220; hide_on_mobile=&#8220;&#8220;]<div id=\"sc_title_697192000\"\r\n\t\tclass=\"sc_title sc_title_default\"><h6 class=\"sc_item_subtitle sc_title_subtitle sc_align_left sc_item_title_style_default\">Kompetenzzentrum Digitaalt Handwierk<\/h6><h3 class=\"sc_item_title sc_title_title sc_align_left sc_item_title_style_default\">Unsere Projekte<\/h3><div class=\"sc_item_descr sc_title_descr sc_align_left\">Das Kompetenzzentrum Digitaalt Handwierk nimmt an zahlreichen nationalen und europ\u00e4ischen Projekten teil. So sind wir seit mehreren Jahren in Projekten des Europ\u00e4ischen Sozialfonds (ESF) aktiv und haben auch an einem Pilotprojekt zur Beratung in Zusammenarbeit mit dem Ministerium f\u00fcr Mittelstand (Pilotprojekt Digihd) und an einem Projekt zur Entwicklung von Kompetenzen in Zusammenarbeit mit dem Arbeitsministerium (SkillsBridge) teilgenommen.<br \/>\nWir sind offen f\u00fcr die Teilnahme an jeder anderen Initiative, bei der unsere Expertise einen Mehrwert bieten kann.<br \/>\nWir sind offen f\u00fcr die Teilnahme an jeder anderen Initiative, bei der unsere Expertise einen Mehrwert bieten kann.<\/div><\/div><!-- \/.sc_title -->[\/vc_column][\/vc_row][vc_row css=&#8220;.vc_custom_1611755137459{margin-top: 70px !important;margin-bottom: 70px !important;}&#8220;][vc_column width=&#8220;1\/2&#8243;][vc_empty_space height=&#8220;50px&#8220; hide_on_mobile=&#8220;&#8220;][vc_single_image image=&#8220;1335&#8243; img_size=&#8220;full&#8220; alignment=&#8220;center&#8220;][vc_empty_space hide_on_mobile=&#8220;&#8220;][\/vc_column][vc_column width=&#8220;1\/2&#8243;][vc_empty_space height=&#8220;50px&#8220; hide_on_mobile=&#8220;&#8220;]<div id=\"sc_title_556394000\"\r\n\t\tclass=\"sc_title sc_title_default\"><h6 class=\"sc_item_subtitle sc_title_subtitle sc_align_left sc_item_title_style_default\">Kompetenzzentrum Digitaalt Handwierk<\/h6><h3 class=\"sc_item_title sc_title_title sc_align_left sc_item_title_style_default\">ESF-Projekte<\/h3><div class=\"sc_item_descr sc_title_descr sc_align_left\">Dank der Unterst\u00fctzung des Europ\u00e4ischen Sozialfonds werden 70 Ausbildungsmodule im Bereich der digitalen Transformation erstellt, die anschlie\u00dfend vom Kompetenzzentrum Digitaalt Handwierk durchgef\u00fchrt werden. Das Hauptziel des Projekts war es, Handwerksbetriebe in allen Aspekten der Digitalisierung zu schulen.<\/p>\n<p>Von Januar 2019 bis Juni 2022 verwaltet das Kompetenzzentrum das ESF-Projekt Kompetenzentwicklung 45+, das darauf abzielt, mehr als 1100 verschiedene Personen zu schulen, von denen die H\u00e4lfte 45 Jahre oder \u00e4lter ist.<\/div><\/div><!-- \/.sc_title -->[vc_empty_space hide_on_mobile=&#8220;&#8220;][\/vc_column][\/vc_row][vc_row scheme=&#8220;default&#8220; css=&#8220;.vc_custom_1611755787334{margin-top: 70px !important;margin-bottom: 70px !important;}&#8220;][vc_column width=&#8220;1\/2&#8243;][vc_empty_space height=&#8220;50px&#8220; hide_on_mobile=&#8220;&#8220;][vc_empty_space hide_on_mobile=&#8220;&#8220;]<div id=\"sc_title_224277745\"\r\n\t\tclass=\"sc_title sc_title_default\"><h6 class=\"sc_item_subtitle sc_title_subtitle sc_align_left sc_item_title_style_default\">Kompetenzzentrum Digitaalt Handwierk<\/h6><h3 class=\"sc_item_title sc_title_title sc_align_left sc_item_title_style_default\">Das DigiHd-Pilotprojekt<\/h3><div class=\"sc_item_descr sc_title_descr sc_align_left\">Das Kompetenzzentrum Digitaalt Handwierk m\u00f6chte als intelligenter Filter zwischen den Herausforderungen und den Vorteilen der digitalen Transformation und als kompetenter und enger Begleiter der Handwerksbetriebe fungieren und sich dabei weitgehend auf das Vertrauenskapital st\u00fctzen, das in den letzten drei Jahren bei Unternehmern und politischen Entscheidungstr\u00e4gern durch die bereits bestehenden Kompetenzzentren des Handwerks aufgebaut wurde.<\/div><\/div><!-- \/.sc_title -->[\/vc_column][vc_column width=&#8220;1\/2&#8243;][vc_single_image image=&#8220;1337&#8243; img_size=&#8220;full&#8220; alignment=&#8220;center&#8220;][vc_empty_space height=&#8220;50px&#8220; hide_on_mobile=&#8220;&#8220;][vc_empty_space hide_on_mobile=&#8220;&#8220;][\/vc_column][\/vc_row][vc_row][vc_column width=&#8220;1\/2&#8243;][vc_empty_space height=&#8220;50px&#8220; hide_on_mobile=&#8220;&#8220;][vc_single_image image=&#8220;1145&#8243; img_size=&#8220;full&#8220; alignment=&#8220;center&#8220;][vc_empty_space hide_on_mobile=&#8220;&#8220;][\/vc_column][vc_column width=&#8220;1\/2&#8243; css=&#8220;.vc_custom_1613741683697{margin-bottom: 50px !important;}&#8220;][vc_empty_space hide_on_mobile=&#8220;&#8220;]<div id=\"sc_title_1635951432\"\r\n\t\tclass=\"sc_title sc_title_default\"><h6 class=\"sc_item_subtitle sc_title_subtitle sc_align_left sc_item_title_style_default\">Kompetenzzentrum Digitaalt Handwierk<\/h6><h3 class=\"sc_item_title sc_title_title sc_align_left sc_item_title_style_default\">Das Projekt Digital Skills Bridge<\/h3><div class=\"sc_item_descr sc_title_descr sc_align_left\">Die Digitalisierung und Automatisierung, die heute alle Wirtschaftszweige in Luxemburg und weltweit erfasst, f\u00fchrt zu einer radikalen Umgestaltung von Unternehmen, Arbeitspl\u00e4tzen und Qualifikationen in einem nie dagewesenen Ausma\u00df und mit einer nie dagewesenen Komplexit\u00e4t.<\/div><\/div><!-- \/.sc_title -->[vc_empty_space height=&#8220;50px&#8220; hide_on_mobile=&#8220;&#8220;][\/vc_column][\/vc_row][vc_row disable_element=&#8220;yes&#8220;][vc_column][vc_empty_space height=&#8220;9px&#8220; alter_height=&#8220;none&#8220; hide_on_mobile=&#8220;1,3&#8243;][vc_empty_space alter_height=&#8220;medium&#8220; hide_on_mobile=&#8220;1,3&#8243;][\/vc_column][\/vc_row][vc_row full_width=&#8220;stretch_row&#8220; scheme=&#8220;dark&#8220; css=&#8220;.vc_custom_1488979506715{background-color: #292727 !important;}&#8220;][vc_column]<div class=\"sc_layouts sc_layouts_default sc_layouts_1901\">[vc_row full_width=\"stretch_row_content_no_spaces\" equal_height=\"yes\"][vc_column width=\"1\/2\" icons_position=\"left\" el_class=\"column_form\"][vc_empty_space height=\"6px\" alter_height=\"none\" hide_on_mobile=\"1,3,2\"][vc_empty_space alter_height=\"medium\" hide_on_mobile=\"1\"][vc_empty_space alter_height=\"medium\" hide_on_mobile=\"1,3\"][vc_empty_space alter_height=\"huge\" hide_on_mobile=\"\"]<div class=\"sc_layouts_item\"><div id=\"sc_title_1168777521\"\r\n\t\tclass=\"sc_title sc_title_default\"><h6 class=\"sc_item_subtitle sc_title_subtitle sc_align_left sc_item_title_style_default\">F\u00fcr alle Fragen<\/h6><h2 class=\"sc_item_title sc_title_title sc_align_left sc_item_title_style_default sc_item_title_tag\">Kontaktieren Sie uns<\/h2><\/div><!-- \/.sc_title --><\/div>\n<div class=\"wpcf7 no-js\" id=\"wpcf7-f1902-o1\" lang=\"fr-FR\" dir=\"ltr\">\n<div class=\"screen-reader-response\"><p role=\"status\" aria-live=\"polite\" aria-atomic=\"true\"><\/p> <ul><\/ul><\/div>\n<form action=\"\/de\/wp-json\/wp\/v2\/pages\/1929#wpcf7-f1902-o1\" method=\"post\" class=\"wpcf7-form init\" aria-label=\"Formulaire de contact\" novalidate=\"novalidate\" data-status=\"init\">\n<div style=\"display: none;\">\n<input type=\"hidden\" name=\"_wpcf7\" value=\"1902\" \/>\n<input type=\"hidden\" name=\"_wpcf7_version\" value=\"5.8.2\" \/>\n<input type=\"hidden\" name=\"_wpcf7_locale\" value=\"fr_FR\" \/>\n<input type=\"hidden\" name=\"_wpcf7_unit_tag\" value=\"wpcf7-f1902-o1\" \/>\n<input type=\"hidden\" name=\"_wpcf7_container_post\" value=\"0\" \/>\n<input type=\"hidden\" name=\"_wpcf7_posted_data_hash\" value=\"\" \/>\n<input type=\"hidden\" name=\"_wpcf7_recaptcha_response\" value=\"\" \/>\n<\/div>\n<div class=\"home_1\">\n\t<div class=\"flex\">\n\t\t<div class='itm row'>\n\t\t\t<p><span class=\"wpcf7-form-control-wrap\" data-name=\"your-firstname\"><input size=\"40\" class=\"wpcf7-form-control wpcf7-text wpcf7-validates-as-required\" aria-required=\"true\" aria-invalid=\"false\" placeholder=\"Ihre name*\" value=\"\" type=\"text\" name=\"your-firstname\" \/><\/span>\n\t\t\t<\/p>\n\t\t<\/div>\n\t\t<div class='itm row'>\n\t\t\t<p><span class=\"wpcf7-form-control-wrap\" data-name=\"your-email\"><input size=\"40\" class=\"wpcf7-form-control wpcf7-email wpcf7-validates-as-required wpcf7-text wpcf7-validates-as-email\" aria-required=\"true\" aria-invalid=\"false\" placeholder=\"Ihre E-Mail-Adresse*\" value=\"\" type=\"email\" name=\"your-email\" \/><\/span>\n\t\t\t<\/p>\n\t\t<\/div>\n\t<\/div>\n\t<div class=''>\n\t\t<p><span class=\"wpcf7-form-control-wrap\" data-name=\"your-message\"><textarea cols=\"40\" rows=\"10\" class=\"wpcf7-form-control wpcf7-textarea wpcf7-validates-as-required\" aria-required=\"true\" aria-invalid=\"false\" placeholder=\"Ihre Nachricht*\" name=\"your-message\"><\/textarea><\/span>\n\t\t<\/p>\n\t<\/div>\n\t<div class=\"bt\">\n\t\t<p><input class=\"wpcf7-form-control wpcf7-submit has-spinner\" type=\"submit\" value=\"Senden\" \/>\n\t\t<\/p>\n\t<\/div>\n<\/div><p style=\"display: none !important;\" class=\"akismet-fields-container\" data-prefix=\"_wpcf7_ak_\"><label>&#916;<textarea name=\"_wpcf7_ak_hp_textarea\" cols=\"45\" rows=\"8\" maxlength=\"100\"><\/textarea><\/label><input type=\"hidden\" id=\"ak_js_1\" name=\"_wpcf7_ak_js\" value=\"16\"\/><script>document.getElementById( \"ak_js_1\" ).setAttribute( \"value\", ( new Date() ).getTime() );<\/script><\/p><div class=\"wpcf7-response-output\" aria-hidden=\"true\"><\/div>\n<\/form>\n<\/div>\n[vc_empty_space alter_height=\"medium\" hide_on_mobile=\"1\"][vc_empty_space alter_height=\"small\" hide_on_mobile=\"1,3\"][vc_empty_space alter_height=\"huge\" hide_on_mobile=\"\"][\/vc_column][vc_column width=\"1\/2\" icons_position=\"left\" css=\".vc_custom_1614614865616{background-image: url(https:\/\/www.cdc-digihw.lu\/wp-content\/uploads\/2021\/02\/j3hxlllA-scaled.jpeg?id=1451) !important;background-position: center !important;background-repeat: no-repeat !important;background-size: cover !important;}\"][vc_empty_space alter_height=\"huge\" hide_on_mobile=\"\"][vc_empty_space alter_height=\"huge\" hide_on_mobile=\"\"][vc_empty_space alter_height=\"huge\" hide_on_mobile=\"\"][vc_empty_space alter_height=\"huge\" hide_on_mobile=\"\"][\/vc_column][\/vc_row]<\/div>[\/vc_column][\/vc_row]<\/p>\n","protected":false},"excerpt":{"rendered":"<p>[vc_row css=&#8220;.vc_custom_1612868396995{margin-top: 50px !important;margin-bottom: 100px !important;}&#8220;][vc_column][vc_empty_space height=&#8220;80px&#8220; hide_on_mobile=&#8220;&#8220;][\/vc_column][\/vc_row][vc_row css=&#8220;.vc_custom_1611755137459{margin-top: 70px !important;margin-bottom: 70px !important;}&#8220;][vc_column width=&#8220;1\/2&#8243;][vc_empty_space height=&#8220;50px&#8220; hide_on_mobile=&#8220;&#8220;][vc_single_image image=&#8220;1335&#8243; img_size=&#8220;full&#8220; alignment=&#8220;center&#8220;][vc_empty_space hide_on_mobile=&#8220;&#8220;][\/vc_column][vc_column width=&#8220;1\/2&#8243;][vc_empty_space height=&#8220;50px&#8220; hide_on_mobile=&#8220;&#8220;][vc_empty_space hide_on_mobile=&#8220;&#8220;][\/vc_column][\/vc_row][vc_row scheme=&#8220;default&#8220; css=&#8220;.vc_custom_1611755787334{margin-top: 70px !important;margin-bottom: 70px !important;}&#8220;][vc_column width=&#8220;1\/2&#8243;][vc_empty_space height=&#8220;50px&#8220; hide_on_mobile=&#8220;&#8220;][vc_empty_space hide_on_mobile=&#8220;&#8220;][\/vc_column][vc_column width=&#8220;1\/2&#8243;][vc_single_image image=&#8220;1337&#8243; img_size=&#8220;full&#8220; alignment=&#8220;center&#8220;][vc_empty_space height=&#8220;50px&#8220; hide_on_mobile=&#8220;&#8220;][vc_empty_space hide_on_mobile=&#8220;&#8220;][\/vc_column][\/vc_row][vc_row][vc_column width=&#8220;1\/2&#8243;][vc_empty_space height=&#8220;50px&#8220; hide_on_mobile=&#8220;&#8220;][vc_single_image image=&#8220;1145&#8243; img_size=&#8220;full&#8220; alignment=&#8220;center&#8220;][vc_empty_space hide_on_mobile=&#8220;&#8220;][\/vc_column][vc_column width=&#8220;1\/2&#8243; css=&#8220;.vc_custom_1613741683697{margin-bottom: 50px !important;}&#8220;][vc_empty_space hide_on_mobile=&#8220;&#8220;][vc_empty_space height=&#8220;50px&#8220; hide_on_mobile=&#8220;&#8220;][\/vc_column][\/vc_row][vc_row disable_element=&#8220;yes&#8220;][vc_column][vc_empty_space height=&#8220;9px&#8220; alter_height=&#8220;none&#8220; hide_on_mobile=&#8220;1,3&#8243;][vc_empty_space alter_height=&#8220;medium&#8220;&hellip;<\/p>\n","protected":false},"author":1,"featured_media":0,"parent":0,"menu_order":0,"comment_status":"closed","ping_status":"closed","template":"","meta":{"footnotes":""},"yoast_head":"<!-- This site is optimized with the Yoast SEO plugin v21.5 - https:\/\/yoast.com\/wordpress\/plugins\/seo\/ -->\n<title>Projekte - CDC<\/title>\n<meta name=\"robots\" content=\"index, follow, max-snippet:-1, max-image-preview:large, max-video-preview:-1\" \/>\n<link rel=\"canonical\" href=\"https:\/\/www.cdc-digihw.lu\/de\/projekte\/\" \/>\n<meta property=\"og:locale\" content=\"de_DE\" \/>\n<meta property=\"og:type\" content=\"article\" \/>\n<meta property=\"og:title\" content=\"Projekte - CDC\" \/>\n<meta property=\"og:description\" content=\"[vc_row css=&#8220;.vc_custom_1612868396995{margin-top: 50px !important;margin-bottom: 100px !important;}&#8220;][vc_column][vc_empty_space height=&#8220;80px&#8220; hide_on_mobile=&#8220;&#8220;][\/vc_column][\/vc_row][vc_row css=&#8220;.vc_custom_1611755137459{margin-top: 70px !important;margin-bottom: 70px !important;}&#8220;][vc_column width=&#8220;1\/2&#8243;][vc_empty_space height=&#8220;50px&#8220; hide_on_mobile=&#8220;&#8220;][vc_single_image image=&#8220;1335&#8243; img_size=&#8220;full&#8220; alignment=&#8220;center&#8220;][vc_empty_space hide_on_mobile=&#8220;&#8220;][\/vc_column][vc_column width=&#8220;1\/2&#8243;][vc_empty_space height=&#8220;50px&#8220; hide_on_mobile=&#8220;&#8220;][vc_empty_space hide_on_mobile=&#8220;&#8220;][\/vc_column][\/vc_row][vc_row scheme=&#8220;default&#8220; css=&#8220;.vc_custom_1611755787334{margin-top: 70px !important;margin-bottom: 70px !important;}&#8220;][vc_column width=&#8220;1\/2&#8243;][vc_empty_space height=&#8220;50px&#8220; hide_on_mobile=&#8220;&#8220;][vc_empty_space hide_on_mobile=&#8220;&#8220;][\/vc_column][vc_column width=&#8220;1\/2&#8243;][vc_single_image image=&#8220;1337&#8243; img_size=&#8220;full&#8220; alignment=&#8220;center&#8220;][vc_empty_space height=&#8220;50px&#8220; hide_on_mobile=&#8220;&#8220;][vc_empty_space hide_on_mobile=&#8220;&#8220;][\/vc_column][\/vc_row][vc_row][vc_column width=&#8220;1\/2&#8243;][vc_empty_space height=&#8220;50px&#8220; hide_on_mobile=&#8220;&#8220;][vc_single_image image=&#8220;1145&#8243; img_size=&#8220;full&#8220; alignment=&#8220;center&#8220;][vc_empty_space hide_on_mobile=&#8220;&#8220;][\/vc_column][vc_column width=&#8220;1\/2&#8243; css=&#8220;.vc_custom_1613741683697{margin-bottom: 50px !important;}&#8220;][vc_empty_space hide_on_mobile=&#8220;&#8220;][vc_empty_space height=&#8220;50px&#8220; hide_on_mobile=&#8220;&#8220;][\/vc_column][\/vc_row][vc_row disable_element=&#8220;yes&#8220;][vc_column][vc_empty_space height=&#8220;9px&#8220; alter_height=&#8220;none&#8220; hide_on_mobile=&#8220;1,3&#8243;][vc_empty_space alter_height=&#8220;medium&#8220;&hellip;\" \/>\n<meta property=\"og:url\" content=\"https:\/\/www.cdc-digihw.lu\/de\/projekte\/\" \/>\n<meta property=\"og:site_name\" content=\"CDC\" \/>\n<meta property=\"article:modified_time\" content=\"2022-08-02T11:32:40+00:00\" \/>\n<meta name=\"twitter:card\" content=\"summary_large_image\" \/>\n<meta name=\"twitter:label1\" content=\"Gesch\u00e4tzte Lesezeit\" \/>\n\t<meta name=\"twitter:data1\" content=\"2\u00a0Minuten\" \/>\n<script type=\"application\/ld+json\" class=\"yoast-schema-graph\">{\"@context\":\"https:\/\/schema.org\",\"@graph\":[{\"@type\":\"WebPage\",\"@id\":\"https:\/\/www.cdc-digihw.lu\/de\/projekte\/\",\"url\":\"https:\/\/www.cdc-digihw.lu\/de\/projekte\/\",\"name\":\"Projekte - CDC\",\"isPartOf\":{\"@id\":\"https:\/\/www.cdc-digihw.lu\/#website\"},\"datePublished\":\"2021-02-05T11:40:35+00:00\",\"dateModified\":\"2022-08-02T11:32:40+00:00\",\"breadcrumb\":{\"@id\":\"https:\/\/www.cdc-digihw.lu\/de\/projekte\/#breadcrumb\"},\"inLanguage\":\"de\",\"potentialAction\":[{\"@type\":\"ReadAction\",\"target\":[\"https:\/\/www.cdc-digihw.lu\/de\/projekte\/\"]}]},{\"@type\":\"BreadcrumbList\",\"@id\":\"https:\/\/www.cdc-digihw.lu\/de\/projekte\/#breadcrumb\",\"itemListElement\":[{\"@type\":\"ListItem\",\"position\":1,\"name\":\"Accueil\",\"item\":\"https:\/\/www.cdc-digihw.lu\/\"},{\"@type\":\"ListItem\",\"position\":2,\"name\":\"Projekte\"}]},{\"@type\":\"WebSite\",\"@id\":\"https:\/\/www.cdc-digihw.lu\/#website\",\"url\":\"https:\/\/www.cdc-digihw.lu\/\",\"name\":\"CDC\",\"description\":\"Centre de comp\u00e9tences technique\",\"potentialAction\":[{\"@type\":\"SearchAction\",\"target\":{\"@type\":\"EntryPoint\",\"urlTemplate\":\"https:\/\/www.cdc-digihw.lu\/?s={search_term_string}\"},\"query-input\":\"required name=search_term_string\"}],\"inLanguage\":\"de\"}]}<\/script>\n<!-- \/ Yoast SEO plugin. -->","yoast_head_json":{"title":"Projekte - CDC","robots":{"index":"index","follow":"follow","max-snippet":"max-snippet:-1","max-image-preview":"max-image-preview:large","max-video-preview":"max-video-preview:-1"},"canonical":"https:\/\/www.cdc-digihw.lu\/de\/projekte\/","og_locale":"de_DE","og_type":"article","og_title":"Projekte - CDC","og_description":"[vc_row css=&#8220;.vc_custom_1612868396995{margin-top: 50px !important;margin-bottom: 100px !important;}&#8220;][vc_column][vc_empty_space height=&#8220;80px&#8220; hide_on_mobile=&#8220;&#8220;][\/vc_column][\/vc_row][vc_row css=&#8220;.vc_custom_1611755137459{margin-top: 70px !important;margin-bottom: 70px !important;}&#8220;][vc_column width=&#8220;1\/2&#8243;][vc_empty_space height=&#8220;50px&#8220; hide_on_mobile=&#8220;&#8220;][vc_single_image image=&#8220;1335&#8243; img_size=&#8220;full&#8220; alignment=&#8220;center&#8220;][vc_empty_space hide_on_mobile=&#8220;&#8220;][\/vc_column][vc_column width=&#8220;1\/2&#8243;][vc_empty_space height=&#8220;50px&#8220; hide_on_mobile=&#8220;&#8220;][vc_empty_space hide_on_mobile=&#8220;&#8220;][\/vc_column][\/vc_row][vc_row scheme=&#8220;default&#8220; css=&#8220;.vc_custom_1611755787334{margin-top: 70px !important;margin-bottom: 70px !important;}&#8220;][vc_column width=&#8220;1\/2&#8243;][vc_empty_space height=&#8220;50px&#8220; hide_on_mobile=&#8220;&#8220;][vc_empty_space hide_on_mobile=&#8220;&#8220;][\/vc_column][vc_column width=&#8220;1\/2&#8243;][vc_single_image image=&#8220;1337&#8243; img_size=&#8220;full&#8220; alignment=&#8220;center&#8220;][vc_empty_space height=&#8220;50px&#8220; hide_on_mobile=&#8220;&#8220;][vc_empty_space hide_on_mobile=&#8220;&#8220;][\/vc_column][\/vc_row][vc_row][vc_column width=&#8220;1\/2&#8243;][vc_empty_space height=&#8220;50px&#8220; hide_on_mobile=&#8220;&#8220;][vc_single_image image=&#8220;1145&#8243; img_size=&#8220;full&#8220; alignment=&#8220;center&#8220;][vc_empty_space hide_on_mobile=&#8220;&#8220;][\/vc_column][vc_column width=&#8220;1\/2&#8243; css=&#8220;.vc_custom_1613741683697{margin-bottom: 50px !important;}&#8220;][vc_empty_space hide_on_mobile=&#8220;&#8220;][vc_empty_space height=&#8220;50px&#8220; hide_on_mobile=&#8220;&#8220;][\/vc_column][\/vc_row][vc_row disable_element=&#8220;yes&#8220;][vc_column][vc_empty_space height=&#8220;9px&#8220; alter_height=&#8220;none&#8220; hide_on_mobile=&#8220;1,3&#8243;][vc_empty_space alter_height=&#8220;medium&#8220;&hellip;","og_url":"https:\/\/www.cdc-digihw.lu\/de\/projekte\/","og_site_name":"CDC","article_modified_time":"2022-08-02T11:32:40+00:00","twitter_card":"summary_large_image","twitter_misc":{"Gesch\u00e4tzte Lesezeit":"2\u00a0Minuten"},"schema":{"@context":"https:\/\/schema.org","@graph":[{"@type":"WebPage","@id":"https:\/\/www.cdc-digihw.lu\/de\/projekte\/","url":"https:\/\/www.cdc-digihw.lu\/de\/projekte\/","name":"Projekte - CDC","isPartOf":{"@id":"https:\/\/www.cdc-digihw.lu\/#website"},"datePublished":"2021-02-05T11:40:35+00:00","dateModified":"2022-08-02T11:32:40+00:00","breadcrumb":{"@id":"https:\/\/www.cdc-digihw.lu\/de\/projekte\/#breadcrumb"},"inLanguage":"de","potentialAction":[{"@type":"ReadAction","target":["https:\/\/www.cdc-digihw.lu\/de\/projekte\/"]}]},{"@type":"BreadcrumbList","@id":"https:\/\/www.cdc-digihw.lu\/de\/projekte\/#breadcrumb","itemListElement":[{"@type":"ListItem","position":1,"name":"Accueil","item":"https:\/\/www.cdc-digihw.lu\/"},{"@type":"ListItem","position":2,"name":"Projekte"}]},{"@type":"WebSite","@id":"https:\/\/www.cdc-digihw.lu\/#website","url":"https:\/\/www.cdc-digihw.lu\/","name":"CDC","description":"Centre de comp\u00e9tences technique","potentialAction":[{"@type":"SearchAction","target":{"@type":"EntryPoint","urlTemplate":"https:\/\/www.cdc-digihw.lu\/?s={search_term_string}"},"query-input":"required name=search_term_string"}],"inLanguage":"de"}]}},"_links":{"self":[{"href":"https:\/\/www.cdc-digihw.lu\/de\/wp-json\/wp\/v2\/pages\/1929"}],"collection":[{"href":"https:\/\/www.cdc-digihw.lu\/de\/wp-json\/wp\/v2\/pages"}],"about":[{"href":"https:\/\/www.cdc-digihw.lu\/de\/wp-json\/wp\/v2\/types\/page"}],"author":[{"embeddable":true,"href":"https:\/\/www.cdc-digihw.lu\/de\/wp-json\/wp\/v2\/users\/1"}],"replies":[{"embeddable":true,"href":"https:\/\/www.cdc-digihw.lu\/de\/wp-json\/wp\/v2\/comments?post=1929"}],"version-history":[{"count":4,"href":"https:\/\/www.cdc-digihw.lu\/de\/wp-json\/wp\/v2\/pages\/1929\/revisions"}],"predecessor-version":[{"id":1933,"href":"https:\/\/www.cdc-digihw.lu\/de\/wp-json\/wp\/v2\/pages\/1929\/revisions\/1933"}],"wp:attachment":[{"href":"https:\/\/www.cdc-digihw.lu\/de\/wp-json\/wp\/v2\/media?parent=1929"}],"curies":[{"name":"wp","href":"https:\/\/api.w.org\/{rel}","templated":true}]}}