{"id":1955,"date":"2019-01-04T12:28:39","date_gmt":"2019-01-04T11:28:39","guid":{"rendered":"https:\/\/www.cdc-digihw.lu\/privacy-policy\/"},"modified":"2022-08-02T13:58:00","modified_gmt":"2022-08-02T12:58:00","slug":"privacy-policy","status":"publish","type":"page","link":"https:\/\/www.cdc-digihw.lu\/de\/privacy-policy\/","title":{"rendered":"Privacy Policy"},"content":{"rendered":"<p>[vc_row hide_bg_image_on_tablet=&#8220;&#8220; hide_bg_image_on_mobile=&#8220;&#8220;][vc_column icons_position=&#8220;left&#8220;][vc_empty_space height=&#8220;4em&#8220; alter_height=&#8220;none&#8220; hide_on_mobile=&#8220;&#8220; hide_on_desktop=&#8220;&#8220; hide_on_notebook=&#8220;&#8220; hide_on_tablet=&#8220;&#8220;]<div id=\"sc_content_1404568890\"\r\n\t\tclass=\"sc_content sc_content_default sc_float_center p70\"><div class=\"sc_content_container\">[vc_column_text]Diese Datenschutzrichtlinie erl\u00e4utert, wie das Digitaalt Handwierk Competence Center die Informationen, die Sie bei der Nutzung dieser Website angeben, verwendet und sch\u00fctzt. Wir verpflichten uns, daf\u00fcr zu sorgen, dass Ihre Privatsph\u00e4re gesch\u00fctzt wird.<\/p>\n<h6><span style=\"font-weight: 400;\">GESAMMELTE DATEN<\/span><\/h6>\n<p>Die einzigen pers\u00f6nlichen Daten, die vom Digitaalt Handwierk Competence Center gesammelt werden, sind jene, die bei der Nutzung unserer Website ausgef\u00fcllt und gesendet werden, wenn Sie unsere E-Mail-Adresse oder das Kontaktformular verwenden.<\/p>\n<h6><span style=\"font-weight: 400;\">LINKS ZU ANDEREN WEBSEITEN<\/span><\/h6>\n<p>Unsere Website kann Links zu anderen interessanten Websites enthalten. Sobald Sie jedoch diese Links benutzt haben, um unsere Seite zu verlassen, sollten Sie beachten, dass wir keine Kontrolle \u00fcber diese andere Seite haben. Daher k\u00f6nnen wir nicht f\u00fcr den Schutz und die Vertraulichkeit jeglicher Informationen verantwortlich gemacht werden, die Sie beim Besuch solcher Websites angeben. Solche Websites unterliegen nicht dieser Datenschutzerkl\u00e4rung. Sie sollten Vorsicht walten lassen und die f\u00fcr die jeweilige Website geltende Datenschutzerkl\u00e4rung lesen.<\/p>\n<h6><span style=\"font-weight: 400;\">PURCHASE DATA<\/span><\/h6>\n<p><span style=\"font-weight: 400;\">Um Produktsupport zu erhalten, m\u00fcssen Sie einen oder mehrere Envato\/AxiomThemes-Bestellcodes auf unserer Website haben. Diese Kaufcodes werden zusammen mit den Ablaufdaten und Ihren Benutzerdaten gespeichert. Dies ist erforderlich, damit wir Sie mit Downloads, Produktsupport und anderen Kundendienstleistungen versorgen k\u00f6nnen.<\/span><\/p>\n<h6><span style=\"font-weight: 400;\">KONTAKTFORMULAR<\/span><\/h6>\n<p>Die von Ihnen bereitgestellten Informationen erm\u00f6glichen es uns, Ihnen die von Ihnen angeforderten Informationen und Dienstleistungen zur Verf\u00fcgung zu stellen.<\/p>\n<h6><span style=\"font-weight: 400;\">GOOGLE ANALYTICS<\/span><\/h6>\n<p>Wir verwenden Google Analytics auf unserer Website, um anonyme Berichte \u00fcber die Nutzung der Website zu erstellen. So werden keine personalisierten Daten gespeichert. Wenn Sie die \u00dcberwachung Ihres Verhaltens durch Google Analytics auf unserer Website deaktivieren m\u00f6chten, verwenden Sie bitte diesen Link: Google Analytics Opt-out.<\/p>\n<h6><span style=\"font-weight: 400;\">RECHT AUF IHRE DATEN<\/span><\/h6>\n<p>Sie haben das Recht, uns zu bitten, die Informationen, die wir \u00fcber Sie gespeichert haben, zu korrigieren, zu l\u00f6schen oder eine Kopie davon anzufordern. Sollte eines dieser Ereignisse eintreten, senden Sie uns bitte eine E-Mail an die unten angegebene Adresse:<\/p>\n<p><a href=\"mailto:formations@cdc-digihw.lu\">formations@cdc-digihw.lu<\/a><\/p>\n<p>Ihre Informationen werden nur zu dem Zweck gespeichert, f\u00fcr den sie bestimmt sind, d. h. um Ihre Fragen zu beantworten oder Sie bei Bedarf zu kontaktieren. Sie k\u00f6nnen uns jederzeit bitten, sie zu l\u00f6schen.[\/vc_column_text]<\/div><\/div><!-- \/.sc_content -->[vc_empty_space height=&#8220;4em&#8220; alter_height=&#8220;none&#8220; hide_on_mobile=&#8220;&#8220; hide_on_desktop=&#8220;&#8220; hide_on_notebook=&#8220;&#8220; hide_on_tablet=&#8220;&#8220;][\/vc_column][\/vc_row]<\/p>\n","protected":false},"excerpt":{"rendered":"<p>[vc_row hide_bg_image_on_tablet=&#8220;&#8220; hide_bg_image_on_mobile=&#8220;&#8220;][vc_column icons_position=&#8220;left&#8220;][vc_empty_space height=&#8220;4em&#8220; alter_height=&#8220;none&#8220; hide_on_mobile=&#8220;&#8220; hide_on_desktop=&#8220;&#8220; hide_on_notebook=&#8220;&#8220; hide_on_tablet=&#8220;&#8220;][vc_empty_space height=&#8220;4em&#8220; alter_height=&#8220;none&#8220; hide_on_mobile=&#8220;&#8220; hide_on_desktop=&#8220;&#8220; hide_on_notebook=&#8220;&#8220; hide_on_tablet=&#8220;&#8220;][\/vc_column][\/vc_row]<\/p>\n","protected":false},"author":1,"featured_media":0,"parent":0,"menu_order":0,"comment_status":"closed","ping_status":"closed","template":"","meta":{"footnotes":""},"yoast_head":"<!-- This site is optimized with the Yoast SEO plugin v21.5 - https:\/\/yoast.com\/wordpress\/plugins\/seo\/ -->\n<title>Privacy Policy - CDC<\/title>\n<meta name=\"robots\" content=\"index, follow, max-snippet:-1, max-image-preview:large, max-video-preview:-1\" \/>\n<link rel=\"canonical\" href=\"https:\/\/www.cdc-digihw.lu\/de\/privacy-policy\/\" \/>\n<meta property=\"og:locale\" content=\"de_DE\" \/>\n<meta property=\"og:type\" content=\"article\" \/>\n<meta property=\"og:title\" content=\"Privacy Policy - CDC\" \/>\n<meta property=\"og:description\" content=\"[vc_row hide_bg_image_on_tablet=&#8220;&#8220; hide_bg_image_on_mobile=&#8220;&#8220;][vc_column icons_position=&#8220;left&#8220;][vc_empty_space height=&#8220;4em&#8220; alter_height=&#8220;none&#8220; hide_on_mobile=&#8220;&#8220; hide_on_desktop=&#8220;&#8220; hide_on_notebook=&#8220;&#8220; hide_on_tablet=&#8220;&#8220;][vc_empty_space height=&#8220;4em&#8220; alter_height=&#8220;none&#8220; hide_on_mobile=&#8220;&#8220; hide_on_desktop=&#8220;&#8220; hide_on_notebook=&#8220;&#8220; hide_on_tablet=&#8220;&#8220;][\/vc_column][\/vc_row]\" \/>\n<meta property=\"og:url\" content=\"https:\/\/www.cdc-digihw.lu\/de\/privacy-policy\/\" \/>\n<meta property=\"og:site_name\" content=\"CDC\" \/>\n<meta property=\"article:modified_time\" content=\"2022-08-02T12:58:00+00:00\" \/>\n<meta name=\"twitter:card\" content=\"summary_large_image\" \/>\n<meta name=\"twitter:label1\" content=\"Gesch\u00e4tzte Lesezeit\" \/>\n\t<meta name=\"twitter:data1\" content=\"2\u00a0Minuten\" \/>\n<script type=\"application\/ld+json\" class=\"yoast-schema-graph\">{\"@context\":\"https:\/\/schema.org\",\"@graph\":[{\"@type\":\"WebPage\",\"@id\":\"https:\/\/www.cdc-digihw.lu\/de\/privacy-policy\/\",\"url\":\"https:\/\/www.cdc-digihw.lu\/de\/privacy-policy\/\",\"name\":\"Privacy Policy - CDC\",\"isPartOf\":{\"@id\":\"https:\/\/www.cdc-digihw.lu\/#website\"},\"datePublished\":\"2019-01-04T11:28:39+00:00\",\"dateModified\":\"2022-08-02T12:58:00+00:00\",\"breadcrumb\":{\"@id\":\"https:\/\/www.cdc-digihw.lu\/de\/privacy-policy\/#breadcrumb\"},\"inLanguage\":\"de\",\"potentialAction\":[{\"@type\":\"ReadAction\",\"target\":[\"https:\/\/www.cdc-digihw.lu\/de\/privacy-policy\/\"]}]},{\"@type\":\"BreadcrumbList\",\"@id\":\"https:\/\/www.cdc-digihw.lu\/de\/privacy-policy\/#breadcrumb\",\"itemListElement\":[{\"@type\":\"ListItem\",\"position\":1,\"name\":\"Accueil\",\"item\":\"https:\/\/www.cdc-digihw.lu\/\"},{\"@type\":\"ListItem\",\"position\":2,\"name\":\"Privacy Policy\"}]},{\"@type\":\"WebSite\",\"@id\":\"https:\/\/www.cdc-digihw.lu\/#website\",\"url\":\"https:\/\/www.cdc-digihw.lu\/\",\"name\":\"CDC\",\"description\":\"Centre de comp\u00e9tences technique\",\"potentialAction\":[{\"@type\":\"SearchAction\",\"target\":{\"@type\":\"EntryPoint\",\"urlTemplate\":\"https:\/\/www.cdc-digihw.lu\/?s={search_term_string}\"},\"query-input\":\"required name=search_term_string\"}],\"inLanguage\":\"de\"}]}<\/script>\n<!-- \/ Yoast SEO plugin. -->","yoast_head_json":{"title":"Privacy Policy - CDC","robots":{"index":"index","follow":"follow","max-snippet":"max-snippet:-1","max-image-preview":"max-image-preview:large","max-video-preview":"max-video-preview:-1"},"canonical":"https:\/\/www.cdc-digihw.lu\/de\/privacy-policy\/","og_locale":"de_DE","og_type":"article","og_title":"Privacy Policy - CDC","og_description":"[vc_row hide_bg_image_on_tablet=&#8220;&#8220; hide_bg_image_on_mobile=&#8220;&#8220;][vc_column icons_position=&#8220;left&#8220;][vc_empty_space height=&#8220;4em&#8220; alter_height=&#8220;none&#8220; hide_on_mobile=&#8220;&#8220; hide_on_desktop=&#8220;&#8220; hide_on_notebook=&#8220;&#8220; hide_on_tablet=&#8220;&#8220;][vc_empty_space height=&#8220;4em&#8220; alter_height=&#8220;none&#8220; hide_on_mobile=&#8220;&#8220; hide_on_desktop=&#8220;&#8220; hide_on_notebook=&#8220;&#8220; hide_on_tablet=&#8220;&#8220;][\/vc_column][\/vc_row]","og_url":"https:\/\/www.cdc-digihw.lu\/de\/privacy-policy\/","og_site_name":"CDC","article_modified_time":"2022-08-02T12:58:00+00:00","twitter_card":"summary_large_image","twitter_misc":{"Gesch\u00e4tzte Lesezeit":"2\u00a0Minuten"},"schema":{"@context":"https:\/\/schema.org","@graph":[{"@type":"WebPage","@id":"https:\/\/www.cdc-digihw.lu\/de\/privacy-policy\/","url":"https:\/\/www.cdc-digihw.lu\/de\/privacy-policy\/","name":"Privacy Policy - CDC","isPartOf":{"@id":"https:\/\/www.cdc-digihw.lu\/#website"},"datePublished":"2019-01-04T11:28:39+00:00","dateModified":"2022-08-02T12:58:00+00:00","breadcrumb":{"@id":"https:\/\/www.cdc-digihw.lu\/de\/privacy-policy\/#breadcrumb"},"inLanguage":"de","potentialAction":[{"@type":"ReadAction","target":["https:\/\/www.cdc-digihw.lu\/de\/privacy-policy\/"]}]},{"@type":"BreadcrumbList","@id":"https:\/\/www.cdc-digihw.lu\/de\/privacy-policy\/#breadcrumb","itemListElement":[{"@type":"ListItem","position":1,"name":"Accueil","item":"https:\/\/www.cdc-digihw.lu\/"},{"@type":"ListItem","position":2,"name":"Privacy Policy"}]},{"@type":"WebSite","@id":"https:\/\/www.cdc-digihw.lu\/#website","url":"https:\/\/www.cdc-digihw.lu\/","name":"CDC","description":"Centre de comp\u00e9tences technique","potentialAction":[{"@type":"SearchAction","target":{"@type":"EntryPoint","urlTemplate":"https:\/\/www.cdc-digihw.lu\/?s={search_term_string}"},"query-input":"required name=search_term_string"}],"inLanguage":"de"}]}},"_links":{"self":[{"href":"https:\/\/www.cdc-digihw.lu\/de\/wp-json\/wp\/v2\/pages\/1955"}],"collection":[{"href":"https:\/\/www.cdc-digihw.lu\/de\/wp-json\/wp\/v2\/pages"}],"about":[{"href":"https:\/\/www.cdc-digihw.lu\/de\/wp-json\/wp\/v2\/types\/page"}],"author":[{"embeddable":true,"href":"https:\/\/www.cdc-digihw.lu\/de\/wp-json\/wp\/v2\/users\/1"}],"replies":[{"embeddable":true,"href":"https:\/\/www.cdc-digihw.lu\/de\/wp-json\/wp\/v2\/comments?post=1955"}],"version-history":[{"count":5,"href":"https:\/\/www.cdc-digihw.lu\/de\/wp-json\/wp\/v2\/pages\/1955\/revisions"}],"predecessor-version":[{"id":1964,"href":"https:\/\/www.cdc-digihw.lu\/de\/wp-json\/wp\/v2\/pages\/1955\/revisions\/1964"}],"wp:attachment":[{"href":"https:\/\/www.cdc-digihw.lu\/de\/wp-json\/wp\/v2\/media?parent=1955"}],"curies":[{"name":"wp","href":"https:\/\/api.w.org\/{rel}","templated":true}]}}